{"id":1052,"date":"2025-02-04T13:40:19","date_gmt":"2025-02-04T13:40:19","guid":{"rendered":"https:\/\/dev.kareturf.com\/soluzioni\/"},"modified":"2025-02-20T17:58:12","modified_gmt":"2025-02-20T17:58:12","slug":"soluzioni","status":"publish","type":"page","link":"https:\/\/www.kareturf.com\/it\/soluzioni\/","title":{"rendered":"Soluzioni"},"content":{"rendered":"\t\t<div data-elementor-type=\"wp-page\" data-elementor-id=\"1052\" class=\"elementor elementor-1052 elementor-63\" data-elementor-post-type=\"page\">\n\t\t\t\t<div class=\"elementor-element elementor-element-74d324bc e-flex e-con-boxed e-con e-parent\" data-id=\"74d324bc\" data-element_type=\"container\" data-e-type=\"container\">\n\t\t\t\t\t<div class=\"e-con-inner\">\n\t\t<div class=\"elementor-element elementor-element-3e6ee5b6 e-flex e-con-boxed e-con e-child\" data-id=\"3e6ee5b6\" data-element_type=\"container\" data-e-type=\"container\">\n\t\t\t\t\t<div class=\"e-con-inner\">\n\t\t\t\t<div class=\"elementor-element elementor-element-1034db8b elementor-widget__width-initial elementor-widget elementor-widget-heading\" data-id=\"1034db8b\" data-element_type=\"widget\" data-e-type=\"widget\" data-widget_type=\"heading.default\">\n\t\t\t\t<div class=\"elementor-widget-container\">\n\t\t\t\t\t<h2 class=\"elementor-heading-title elementor-size-default\">Soluzioni per tappeti erbosi sportivi<\/h2>\t\t\t\t<\/div>\n\t\t\t\t<\/div>\n\t\t\t\t\t<\/div>\n\t\t\t\t<\/div>\n\t\t<div class=\"elementor-element elementor-element-27ab2471 e-con-full e-flex e-con e-child\" data-id=\"27ab2471\" data-element_type=\"container\" data-e-type=\"container\">\n\t\t<div class=\"elementor-element elementor-element-62bc162d e-con-full e-flex e-con e-child\" data-id=\"62bc162d\" data-element_type=\"container\" data-e-type=\"container\">\n\t\t\t\t<div class=\"elementor-element elementor-element-2d659103 elementor-widget__width-inherit elementor-widget elementor-widget-image\" data-id=\"2d659103\" data-element_type=\"widget\" data-e-type=\"widget\" data-widget_type=\"image.default\">\n\t\t\t\t<div class=\"elementor-widget-container\">\n\t\t\t\t\t\t\t\t\t\t\t\t\t\t\t<img decoding=\"async\" width=\"1\" height=\"1\" src=\"https:\/\/www.kareturf.com\/wp-content\/uploads\/2025\/02\/ESTRES.svg\" class=\"attachment-large size-large wp-image-636\" alt=\"\" \/>\t\t\t\t\t\t\t\t\t\t\t\t\t\t\t<\/div>\n\t\t\t\t<\/div>\n\t\t\t\t<div class=\"elementor-element elementor-element-1938562b elementor-widget elementor-widget-heading\" data-id=\"1938562b\" data-element_type=\"widget\" data-e-type=\"widget\" data-widget_type=\"heading.default\">\n\t\t\t\t<div class=\"elementor-widget-container\">\n\t\t\t\t\t<p class=\"elementor-heading-title elementor-size-default\">Efficienza idrica,<br>qualit\u00e0 premium<\/p>\t\t\t\t<\/div>\n\t\t\t\t<\/div>\n\t\t\t\t<div class=\"elementor-element elementor-element-4fa6882b elementor-widget elementor-widget-text-editor\" data-id=\"4fa6882b\" data-element_type=\"widget\" data-e-type=\"widget\" data-widget_type=\"text-editor.default\">\n\t\t\t\t<div class=\"elementor-widget-container\">\n\t\t\t\t\t\t\t\t\t<p><span style=\"font-weight: 400;\">Risultati superiori con una<br \/><\/span><span style=\"font-weight: 400;\">corretta ottimizzazione dell&#8217;acqua<\/span><\/p>\t\t\t\t\t\t\t\t<\/div>\n\t\t\t\t<\/div>\n\t\t\t\t<\/div>\n\t\t<div class=\"elementor-element elementor-element-6afce3cb e-con-full e-flex e-con e-child\" data-id=\"6afce3cb\" data-element_type=\"container\" data-e-type=\"container\">\n\t\t\t\t<div class=\"elementor-element elementor-element-30d79356 elementor-widget__width-inherit elementor-widget elementor-widget-image\" data-id=\"30d79356\" data-element_type=\"widget\" data-e-type=\"widget\" data-widget_type=\"image.default\">\n\t\t\t\t<div class=\"elementor-widget-container\">\n\t\t\t\t\t\t\t\t\t\t\t\t\t\t\t<img decoding=\"async\" width=\"1\" height=\"1\" src=\"https:\/\/www.kareturf.com\/wp-content\/uploads\/2025\/02\/PLAGAS2.svg\" class=\"attachment-large size-large wp-image-949\" alt=\"\" \/>\t\t\t\t\t\t\t\t\t\t\t\t\t\t\t<\/div>\n\t\t\t\t<\/div>\n\t\t\t\t<div class=\"elementor-element elementor-element-1694ddb9 elementor-widget elementor-widget-heading\" data-id=\"1694ddb9\" data-element_type=\"widget\" data-e-type=\"widget\" data-widget_type=\"heading.default\">\n\t\t\t\t<div class=\"elementor-widget-container\">\n\t\t\t\t\t<p class=\"elementor-heading-title elementor-size-default\">Gestione efficace<br>della malattia<\/p>\t\t\t\t<\/div>\n\t\t\t\t<\/div>\n\t\t\t\t<div class=\"elementor-element elementor-element-d961df7 elementor-widget elementor-widget-text-editor\" data-id=\"d961df7\" data-element_type=\"widget\" data-e-type=\"widget\" data-widget_type=\"text-editor.default\">\n\t\t\t\t<div class=\"elementor-widget-container\">\n\t\t\t\t\t\t\t\t\t<p>Riduzione della pressione<br>della malattia<\/p>\t\t\t\t\t\t\t\t<\/div>\n\t\t\t\t<\/div>\n\t\t\t\t<\/div>\n\t\t<div class=\"elementor-element elementor-element-51d1713e e-con-full e-flex e-con e-child\" data-id=\"51d1713e\" data-element_type=\"container\" data-e-type=\"container\">\n\t\t\t\t<div class=\"elementor-element elementor-element-3b338e90 elementor-widget__width-inherit elementor-widget elementor-widget-image\" data-id=\"3b338e90\" data-element_type=\"widget\" data-e-type=\"widget\" data-widget_type=\"image.default\">\n\t\t\t\t<div class=\"elementor-widget-container\">\n\t\t\t\t\t\t\t\t\t\t\t\t\t\t\t<img decoding=\"async\" width=\"1\" height=\"1\" src=\"https:\/\/www.kareturf.com\/wp-content\/uploads\/2025\/02\/COLOR2.svg\" class=\"attachment-large size-large wp-image-943\" alt=\"\" \/>\t\t\t\t\t\t\t\t\t\t\t\t\t\t\t<\/div>\n\t\t\t\t<\/div>\n\t\t\t\t<div class=\"elementor-element elementor-element-3666b606 elementor-widget elementor-widget-heading\" data-id=\"3666b606\" data-element_type=\"widget\" data-e-type=\"widget\" data-widget_type=\"heading.default\">\n\t\t\t\t<div class=\"elementor-widget-container\">\n\t\t\t\t\t<p class=\"elementor-heading-title elementor-size-default\">Colore intenso<br>e duraturo<\/p>\t\t\t\t<\/div>\n\t\t\t\t<\/div>\n\t\t\t\t<div class=\"elementor-element elementor-element-d9896ef elementor-widget elementor-widget-text-editor\" data-id=\"d9896ef\" data-element_type=\"widget\" data-e-type=\"widget\" data-widget_type=\"text-editor.default\">\n\t\t\t\t<div class=\"elementor-widget-container\">\n\t\t\t\t\t\t\t\t\t<p>L&#8217;\u00e9lite del tappeto<br>erboso sportivo<\/p>\t\t\t\t\t\t\t\t<\/div>\n\t\t\t\t<\/div>\n\t\t\t\t<\/div>\n\t\t\t\t<\/div>\n\t\t\t\t\t<\/div>\n\t\t\t\t<\/div>\n\t\t<div class=\"elementor-element elementor-element-76722032 e-flex e-con-boxed e-con e-parent\" data-id=\"76722032\" data-element_type=\"container\" data-e-type=\"container\">\n\t\t\t\t\t<div class=\"e-con-inner\">\n\t\t<div class=\"elementor-element elementor-element-16d552f9 e-con-full e-flex e-con e-child\" data-id=\"16d552f9\" data-element_type=\"container\" data-e-type=\"container\">\n\t\t<div class=\"elementor-element elementor-element-6d895a1e e-con-full e-flex e-con e-child\" data-id=\"6d895a1e\" data-element_type=\"container\" data-e-type=\"container\" data-settings=\"{&quot;background_background&quot;:&quot;classic&quot;}\">\n\t\t\t\t<\/div>\n\t\t<div class=\"elementor-element elementor-element-4d497be7 e-con-full e-flex e-con e-child\" data-id=\"4d497be7\" data-element_type=\"container\" data-e-type=\"container\">\n\t\t\t\t<div class=\"elementor-element elementor-element-4119068 elementor-widget__width-initial elementor-widget elementor-widget-heading\" data-id=\"4119068\" data-element_type=\"widget\" data-e-type=\"widget\" data-widget_type=\"heading.default\">\n\t\t\t\t<div class=\"elementor-widget-container\">\n\t\t\t\t\t<h2 class=\"elementor-heading-title elementor-size-default\">Massima efficienza nell'uso dell'acqua.<\/h2>\t\t\t\t<\/div>\n\t\t\t\t<\/div>\n\t\t\t\t<div class=\"elementor-element elementor-element-2ed12436 elementor-widget elementor-widget-text-editor\" data-id=\"2ed12436\" data-element_type=\"widget\" data-e-type=\"widget\" data-widget_type=\"text-editor.default\">\n\t\t\t\t<div class=\"elementor-widget-container\">\n\t\t\t\t\t\t\t\t\t<p>Con una sola applicazione del nostro biostimolante tecnologico, abbiamo ottenuto il <b>9,4% in pi\u00f9 di umidit\u00e0 <\/b>volumetrica a 10 cm di profondit\u00e0, <b>superando il controllo<\/b> con agente umettante.<\/p>\t\t\t\t\t\t\t\t<\/div>\n\t\t\t\t<\/div>\n\t\t\t\t<div class=\"elementor-element elementor-element-90455ba elementor-widget elementor-widget-text-editor\" data-id=\"90455ba\" data-element_type=\"widget\" data-e-type=\"widget\" data-widget_type=\"text-editor.default\">\n\t\t\t\t<div class=\"elementor-widget-container\">\n\t\t\t\t\t\t\t\t\t<p>Manteniamo la stessa prestazione di <b>NDMI<\/b> nella pianta con <b>una riduzione dell&#8217;irrigazione fino al 30%.<\/b><\/p>\t\t\t\t\t\t\t\t<\/div>\n\t\t\t\t<\/div>\n\t\t\t\t<\/div>\n\t\t\t\t<\/div>\n\t\t\t\t\t<\/div>\n\t\t\t\t<\/div>\n\t\t<div class=\"elementor-element elementor-element-41d2fc50 e-flex e-con-boxed e-con e-parent\" data-id=\"41d2fc50\" data-element_type=\"container\" data-e-type=\"container\">\n\t\t\t\t\t<div class=\"e-con-inner\">\n\t\t<div class=\"elementor-element elementor-element-287dead e-con-full e-flex e-con e-child\" data-id=\"287dead\" data-element_type=\"container\" data-e-type=\"container\">\n\t\t<div class=\"elementor-element elementor-element-211d95f2 e-con-full e-flex e-con e-child\" data-id=\"211d95f2\" data-element_type=\"container\" data-e-type=\"container\">\n\t\t\t\t<div class=\"elementor-element elementor-element-ddbf476 elementor-widget elementor-widget-heading\" data-id=\"ddbf476\" data-element_type=\"widget\" data-e-type=\"widget\" data-widget_type=\"heading.default\">\n\t\t\t\t<div class=\"elementor-widget-container\">\n\t\t\t\t\t<h2 class=\"elementor-heading-title elementor-size-default\">Gestione efficace delle malattie del tappeto erboso.<\/h2>\t\t\t\t<\/div>\n\t\t\t\t<\/div>\n\t\t\t\t<div class=\"elementor-element elementor-element-eccd378 elementor-widget elementor-widget-text-editor\" data-id=\"eccd378\" data-element_type=\"widget\" data-e-type=\"widget\" data-widget_type=\"text-editor.default\">\n\t\t\t\t<div class=\"elementor-widget-container\">\n\t\t\t\t\t\t\t\t\t<p>Con i nostri biostimolanti tecnologici, <b>rallentiamo l&#8217;avanzata della malattia,<\/b> dando al Greenkeeper il tempo necessario per pianificare le applicazioni fitosanitarie. I nostri formulati sono essenziali in un piano di gestione integrata.<\/p>\t\t\t\t\t\t\t\t<\/div>\n\t\t\t\t<\/div>\n\t\t\t\t<div class=\"elementor-element elementor-element-0b22fb0 elementor-widget elementor-widget-text-editor\" data-id=\"0b22fb0\" data-element_type=\"widget\" data-e-type=\"widget\" data-widget_type=\"text-editor.default\">\n\t\t\t\t<div class=\"elementor-widget-container\">\n\t\t\t\t\t\t\t\t\t<p><strong>Riduzione fino al 45%<\/strong> della pressione della malattia nei casi pi\u00f9 estremi.<\/p>\t\t\t\t\t\t\t\t<\/div>\n\t\t\t\t<\/div>\n\t\t\t\t<\/div>\n\t\t<div class=\"elementor-element elementor-element-2227af82 e-con-full e-flex e-con e-child\" data-id=\"2227af82\" data-element_type=\"container\" data-e-type=\"container\" data-settings=\"{&quot;background_background&quot;:&quot;classic&quot;}\">\n\t\t\t\t<\/div>\n\t\t\t\t<\/div>\n\t\t\t\t\t<\/div>\n\t\t\t\t<\/div>\n\t\t<div class=\"elementor-element elementor-element-f7177de e-flex e-con-boxed e-con e-parent\" data-id=\"f7177de\" data-element_type=\"container\" data-e-type=\"container\">\n\t\t\t\t\t<div class=\"e-con-inner\">\n\t\t<div class=\"elementor-element elementor-element-4415d34 e-con-full e-flex e-con e-child\" data-id=\"4415d34\" data-element_type=\"container\" data-e-type=\"container\">\n\t\t<div class=\"elementor-element elementor-element-91ec124 e-con-full e-flex e-con e-child\" data-id=\"91ec124\" data-element_type=\"container\" data-e-type=\"container\" data-settings=\"{&quot;background_background&quot;:&quot;classic&quot;}\">\n\t\t\t\t<\/div>\n\t\t<div class=\"elementor-element elementor-element-4b56533 e-con-full e-flex e-con e-child\" data-id=\"4b56533\" data-element_type=\"container\" data-e-type=\"container\">\n\t\t\t\t<div class=\"elementor-element elementor-element-d529761 elementor-widget elementor-widget-heading\" data-id=\"d529761\" data-element_type=\"widget\" data-e-type=\"widget\" data-widget_type=\"heading.default\">\n\t\t\t\t<div class=\"elementor-widget-container\">\n\t\t\t\t\t<h2 class=\"elementor-heading-title elementor-size-default\">Sviluppo accelerato<br>e omogeneo.<\/h2>\t\t\t\t<\/div>\n\t\t\t\t<\/div>\n\t\t\t\t<div class=\"elementor-element elementor-element-9d09ac0 elementor-widget elementor-widget-text-editor\" data-id=\"9d09ac0\" data-element_type=\"widget\" data-e-type=\"widget\" data-widget_type=\"text-editor.default\">\n\t\t\t\t<div class=\"elementor-widget-container\">\n\t\t\t\t\t\t\t\t\t<p>Recupero accelerato ed efficiente del manto erboso dalla salinit\u00e0, dalle alte temperature e dall&#8217;usura, garantendo una copertura ottimale in meno tempo.<\/p>\t\t\t\t\t\t\t\t<\/div>\n\t\t\t\t<\/div>\n\t\t\t\t<\/div>\n\t\t\t\t<\/div>\n\t\t\t\t\t<\/div>\n\t\t\t\t<\/div>\n\t\t<div class=\"elementor-element elementor-element-33f7efe e-flex e-con-boxed e-con e-parent\" data-id=\"33f7efe\" data-element_type=\"container\" data-e-type=\"container\">\n\t\t\t\t\t<div class=\"e-con-inner\">\n\t\t<div class=\"elementor-element elementor-element-8ff8101 e-con-full e-flex e-con e-child\" data-id=\"8ff8101\" data-element_type=\"container\" data-e-type=\"container\">\n\t\t<div class=\"elementor-element elementor-element-431cd9f e-con-full e-flex e-con e-child\" data-id=\"431cd9f\" data-element_type=\"container\" data-e-type=\"container\">\n\t\t\t\t<div class=\"elementor-element elementor-element-fbd5c86 elementor-widget elementor-widget-heading\" data-id=\"fbd5c86\" data-element_type=\"widget\" data-e-type=\"widget\" data-widget_type=\"heading.default\">\n\t\t\t\t<div class=\"elementor-widget-container\">\n\t\t\t\t\t<h2 class=\"elementor-heading-title elementor-size-default\"> Colore immediato, intensit\u00e0 e durata garantiti.<\/h2>\t\t\t\t<\/div>\n\t\t\t\t<\/div>\n\t\t\t\t<div class=\"elementor-element elementor-element-7b1ad98 elementor-widget elementor-widget-text-editor\" data-id=\"7b1ad98\" data-element_type=\"widget\" data-e-type=\"widget\" data-widget_type=\"text-editor.default\">\n\t\t\t\t<div class=\"elementor-widget-container\">\n\t\t\t\t\t\t\t\t\t<p>I nostri biostimolanti tecnologici aumentano il colore fino a quasi un punto rispetto ai prodotti di referenza sul mercato.<\/p>\t\t\t\t\t\t\t\t<\/div>\n\t\t\t\t<\/div>\n\t\t\t\t<div class=\"elementor-element elementor-element-3a7758f elementor-widget elementor-widget-text-editor\" data-id=\"3a7758f\" data-element_type=\"widget\" data-e-type=\"widget\" data-widget_type=\"text-editor.default\">\n\t\t\t\t<div class=\"elementor-widget-container\">\n\t\t\t\t\t\t\t\t\t<p>Durata fino a 15 giorni, mantenendo la massima intensit\u00e0 del colore.<\/p>\t\t\t\t\t\t\t\t<\/div>\n\t\t\t\t<\/div>\n\t\t\t\t<\/div>\n\t\t<div class=\"elementor-element elementor-element-16635d2 e-con-full e-flex e-con e-child\" data-id=\"16635d2\" data-element_type=\"container\" data-e-type=\"container\" data-settings=\"{&quot;background_background&quot;:&quot;classic&quot;}\">\n\t\t\t\t<\/div>\n\t\t\t\t<\/div>\n\t\t\t\t\t<\/div>\n\t\t\t\t<\/div>\n\t\t<div class=\"elementor-element elementor-element-b8ab5c8 e-flex e-con-boxed e-con e-parent\" data-id=\"b8ab5c8\" data-element_type=\"container\" data-e-type=\"container\">\n\t\t\t\t\t<div class=\"e-con-inner\">\n\t\t<div class=\"elementor-element elementor-element-a28bb6b e-con-full e-flex e-con e-child\" data-id=\"a28bb6b\" data-element_type=\"container\" data-e-type=\"container\">\n\t\t<div class=\"elementor-element elementor-element-f73521d e-con-full e-flex e-con e-child\" data-id=\"f73521d\" data-element_type=\"container\" data-e-type=\"container\" data-settings=\"{&quot;background_background&quot;:&quot;classic&quot;}\">\n\t\t\t\t<\/div>\n\t\t<div class=\"elementor-element elementor-element-b20929c e-con-full e-flex e-con e-child\" data-id=\"b20929c\" data-element_type=\"container\" data-e-type=\"container\">\n\t\t\t\t<div class=\"elementor-element elementor-element-390f34f elementor-widget elementor-widget-heading\" data-id=\"390f34f\" data-element_type=\"widget\" data-e-type=\"widget\" data-widget_type=\"heading.default\">\n\t\t\t\t<div class=\"elementor-widget-container\">\n\t\t\t\t\t<h2 class=\"elementor-heading-title elementor-size-default\">Assorbimento immediato dei nutrienti.<\/h2>\t\t\t\t<\/div>\n\t\t\t\t<\/div>\n\t\t\t\t<div class=\"elementor-element elementor-element-d99b5aa elementor-widget elementor-widget-text-editor\" data-id=\"d99b5aa\" data-element_type=\"widget\" data-e-type=\"widget\" data-widget_type=\"text-editor.default\">\n\t\t\t\t<div class=\"elementor-widget-container\">\n\t\t\t\t\t\t\t\t\t<p><span style=\"font-weight: 400;\">La nostra costante R+S+i migliora l&#8217;assorbimento e l&#8217;assimilazione dei nutrienti, garantendo un tappeto erboso di qualit\u00e0 superiore, con una maggiore tolleranza agli stress biotici e abiotici. <\/span>\u00a0<\/p>\t\t\t\t\t\t\t\t<\/div>\n\t\t\t\t<\/div>\n\t\t\t\t<\/div>\n\t\t\t\t<\/div>\n\t\t\t\t\t<\/div>\n\t\t\t\t<\/div>\n\t\t\t\t<\/div>\n\t\t","protected":false},"excerpt":{"rendered":"<p>Soluzioni per tappeti erbosi sportivi Efficienza idrica,qualit\u00e0 premium Risultati superiori con unacorretta ottimizzazione dell&#8217;acqua Gestione efficacedella malattia Riduzione della pressionedella malattia Colore intensoe duraturo L&#8217;\u00e9lite del tappetoerboso sportivo Massima efficienza nell&#8217;uso dell&#8217;acqua. Con una sola applicazione del nostro biostimolante tecnologico, abbiamo ottenuto il 9,4% in pi\u00f9 di umidit\u00e0 volumetrica a 10 cm di profondit\u00e0, superando [&hellip;]<\/p>\n","protected":false},"author":1,"featured_media":0,"parent":0,"menu_order":0,"comment_status":"closed","ping_status":"closed","template":"","meta":{"inline_featured_image":false,"footnotes":""},"class_list":["post-1052","page","type-page","status-publish","hentry"],"yoast_head":"<!-- This site is optimized with the Yoast SEO plugin v27.4 - https:\/\/yoast.com\/product\/yoast-seo-wordpress\/ -->\n<title>Soluzioni - Kare Turf<\/title>\n<meta name=\"robots\" content=\"index, follow, max-snippet:-1, max-image-preview:large, max-video-preview:-1\" \/>\n<link rel=\"canonical\" href=\"https:\/\/www.kareturf.com\/es\/soluciones\/\" \/>\n<meta property=\"og:locale\" content=\"it_IT\" \/>\n<meta property=\"og:type\" content=\"article\" \/>\n<meta property=\"og:title\" content=\"Soluzioni - Kare Turf\" \/>\n<meta property=\"og:description\" content=\"Soluzioni per tappeti erbosi sportivi Efficienza idrica,qualit\u00e0 premium Risultati superiori con unacorretta ottimizzazione dell&#8217;acqua Gestione efficacedella malattia Riduzione della pressionedella malattia Colore intensoe duraturo L&#8217;\u00e9lite del tappetoerboso sportivo Massima efficienza nell&#8217;uso dell&#8217;acqua. Con una sola applicazione del nostro biostimolante tecnologico, abbiamo ottenuto il 9,4% in pi\u00f9 di umidit\u00e0 volumetrica a 10 cm di profondit\u00e0, superando [&hellip;]\" \/>\n<meta property=\"og:url\" content=\"https:\/\/www.kareturf.com\/es\/soluciones\/\" \/>\n<meta property=\"og:site_name\" content=\"Kare Turf\" \/>\n<meta property=\"article:modified_time\" content=\"2025-02-20T17:58:12+00:00\" \/>\n<meta name=\"twitter:card\" content=\"summary_large_image\" \/>\n<meta name=\"twitter:label1\" content=\"Tempo di lettura stimato\" \/>\n\t<meta name=\"twitter:data1\" content=\"2 minuti\" \/>\n<script type=\"application\/ld+json\" class=\"yoast-schema-graph\">{\"@context\":\"https:\\\/\\\/schema.org\",\"@graph\":[{\"@type\":\"WebPage\",\"@id\":\"https:\\\/\\\/www.kareturf.com\\\/es\\\/soluciones\\\/\",\"url\":\"https:\\\/\\\/www.kareturf.com\\\/es\\\/soluciones\\\/\",\"name\":\"Soluzioni - Kare Turf\",\"isPartOf\":{\"@id\":\"https:\\\/\\\/www.kareturf.com\\\/es\\\/#website\"},\"primaryImageOfPage\":{\"@id\":\"https:\\\/\\\/www.kareturf.com\\\/es\\\/soluciones\\\/#primaryimage\"},\"image\":{\"@id\":\"https:\\\/\\\/www.kareturf.com\\\/es\\\/soluciones\\\/#primaryimage\"},\"thumbnailUrl\":\"http:\\\/\\\/www.kareturf.com\\\/wp-content\\\/uploads\\\/2025\\\/02\\\/ESTRES.svg\",\"datePublished\":\"2025-02-04T13:40:19+00:00\",\"dateModified\":\"2025-02-20T17:58:12+00:00\",\"breadcrumb\":{\"@id\":\"https:\\\/\\\/www.kareturf.com\\\/es\\\/soluciones\\\/#breadcrumb\"},\"inLanguage\":\"it-IT\",\"potentialAction\":[{\"@type\":\"ReadAction\",\"target\":[\"https:\\\/\\\/www.kareturf.com\\\/es\\\/soluciones\\\/\"]}]},{\"@type\":\"ImageObject\",\"inLanguage\":\"it-IT\",\"@id\":\"https:\\\/\\\/www.kareturf.com\\\/es\\\/soluciones\\\/#primaryimage\",\"url\":\"http:\\\/\\\/www.kareturf.com\\\/wp-content\\\/uploads\\\/2025\\\/02\\\/ESTRES.svg\",\"contentUrl\":\"http:\\\/\\\/www.kareturf.com\\\/wp-content\\\/uploads\\\/2025\\\/02\\\/ESTRES.svg\"},{\"@type\":\"BreadcrumbList\",\"@id\":\"https:\\\/\\\/www.kareturf.com\\\/es\\\/soluciones\\\/#breadcrumb\",\"itemListElement\":[{\"@type\":\"ListItem\",\"position\":1,\"name\":\"Portada\",\"item\":\"https:\\\/\\\/www.kareturf.com\\\/it\\\/\"},{\"@type\":\"ListItem\",\"position\":2,\"name\":\"Soluzioni\"}]},{\"@type\":\"WebSite\",\"@id\":\"https:\\\/\\\/www.kareturf.com\\\/es\\\/#website\",\"url\":\"https:\\\/\\\/www.kareturf.com\\\/es\\\/\",\"name\":\"Kare Turf\",\"description\":\"\",\"publisher\":{\"@id\":\"https:\\\/\\\/www.kareturf.com\\\/es\\\/#organization\"},\"potentialAction\":[{\"@type\":\"SearchAction\",\"target\":{\"@type\":\"EntryPoint\",\"urlTemplate\":\"https:\\\/\\\/www.kareturf.com\\\/es\\\/?s={search_term_string}\"},\"query-input\":{\"@type\":\"PropertyValueSpecification\",\"valueRequired\":true,\"valueName\":\"search_term_string\"}}],\"inLanguage\":\"it-IT\"},{\"@type\":\"Organization\",\"@id\":\"https:\\\/\\\/www.kareturf.com\\\/es\\\/#organization\",\"name\":\"Kare Turf\",\"url\":\"https:\\\/\\\/www.kareturf.com\\\/es\\\/\",\"logo\":{\"@type\":\"ImageObject\",\"inLanguage\":\"it-IT\",\"@id\":\"https:\\\/\\\/www.kareturf.com\\\/es\\\/#\\\/schema\\\/logo\\\/image\\\/\",\"url\":\"https:\\\/\\\/www.kareturf.com\\\/wp-content\\\/uploads\\\/2025\\\/02\\\/cropped-logo-kare-negro.png\",\"contentUrl\":\"https:\\\/\\\/www.kareturf.com\\\/wp-content\\\/uploads\\\/2025\\\/02\\\/cropped-logo-kare-negro.png\",\"width\":500,\"height\":111,\"caption\":\"Kare Turf\"},\"image\":{\"@id\":\"https:\\\/\\\/www.kareturf.com\\\/es\\\/#\\\/schema\\\/logo\\\/image\\\/\"}}]}<\/script>\n<!-- \/ Yoast SEO plugin. -->","yoast_head_json":{"title":"Soluzioni - Kare Turf","robots":{"index":"index","follow":"follow","max-snippet":"max-snippet:-1","max-image-preview":"max-image-preview:large","max-video-preview":"max-video-preview:-1"},"canonical":"https:\/\/www.kareturf.com\/es\/soluciones\/","og_locale":"it_IT","og_type":"article","og_title":"Soluzioni - Kare Turf","og_description":"Soluzioni per tappeti erbosi sportivi Efficienza idrica,qualit\u00e0 premium Risultati superiori con unacorretta ottimizzazione dell&#8217;acqua Gestione efficacedella malattia Riduzione della pressionedella malattia Colore intensoe duraturo L&#8217;\u00e9lite del tappetoerboso sportivo Massima efficienza nell&#8217;uso dell&#8217;acqua. Con una sola applicazione del nostro biostimolante tecnologico, abbiamo ottenuto il 9,4% in pi\u00f9 di umidit\u00e0 volumetrica a 10 cm di profondit\u00e0, superando [&hellip;]","og_url":"https:\/\/www.kareturf.com\/es\/soluciones\/","og_site_name":"Kare Turf","article_modified_time":"2025-02-20T17:58:12+00:00","twitter_card":"summary_large_image","twitter_misc":{"Tempo di lettura stimato":"2 minuti"},"schema":{"@context":"https:\/\/schema.org","@graph":[{"@type":"WebPage","@id":"https:\/\/www.kareturf.com\/es\/soluciones\/","url":"https:\/\/www.kareturf.com\/es\/soluciones\/","name":"Soluzioni - Kare Turf","isPartOf":{"@id":"https:\/\/www.kareturf.com\/es\/#website"},"primaryImageOfPage":{"@id":"https:\/\/www.kareturf.com\/es\/soluciones\/#primaryimage"},"image":{"@id":"https:\/\/www.kareturf.com\/es\/soluciones\/#primaryimage"},"thumbnailUrl":"http:\/\/www.kareturf.com\/wp-content\/uploads\/2025\/02\/ESTRES.svg","datePublished":"2025-02-04T13:40:19+00:00","dateModified":"2025-02-20T17:58:12+00:00","breadcrumb":{"@id":"https:\/\/www.kareturf.com\/es\/soluciones\/#breadcrumb"},"inLanguage":"it-IT","potentialAction":[{"@type":"ReadAction","target":["https:\/\/www.kareturf.com\/es\/soluciones\/"]}]},{"@type":"ImageObject","inLanguage":"it-IT","@id":"https:\/\/www.kareturf.com\/es\/soluciones\/#primaryimage","url":"http:\/\/www.kareturf.com\/wp-content\/uploads\/2025\/02\/ESTRES.svg","contentUrl":"http:\/\/www.kareturf.com\/wp-content\/uploads\/2025\/02\/ESTRES.svg"},{"@type":"BreadcrumbList","@id":"https:\/\/www.kareturf.com\/es\/soluciones\/#breadcrumb","itemListElement":[{"@type":"ListItem","position":1,"name":"Portada","item":"https:\/\/www.kareturf.com\/it\/"},{"@type":"ListItem","position":2,"name":"Soluzioni"}]},{"@type":"WebSite","@id":"https:\/\/www.kareturf.com\/es\/#website","url":"https:\/\/www.kareturf.com\/es\/","name":"Kare Turf","description":"","publisher":{"@id":"https:\/\/www.kareturf.com\/es\/#organization"},"potentialAction":[{"@type":"SearchAction","target":{"@type":"EntryPoint","urlTemplate":"https:\/\/www.kareturf.com\/es\/?s={search_term_string}"},"query-input":{"@type":"PropertyValueSpecification","valueRequired":true,"valueName":"search_term_string"}}],"inLanguage":"it-IT"},{"@type":"Organization","@id":"https:\/\/www.kareturf.com\/es\/#organization","name":"Kare Turf","url":"https:\/\/www.kareturf.com\/es\/","logo":{"@type":"ImageObject","inLanguage":"it-IT","@id":"https:\/\/www.kareturf.com\/es\/#\/schema\/logo\/image\/","url":"https:\/\/www.kareturf.com\/wp-content\/uploads\/2025\/02\/cropped-logo-kare-negro.png","contentUrl":"https:\/\/www.kareturf.com\/wp-content\/uploads\/2025\/02\/cropped-logo-kare-negro.png","width":500,"height":111,"caption":"Kare Turf"},"image":{"@id":"https:\/\/www.kareturf.com\/es\/#\/schema\/logo\/image\/"}}]}},"_links":{"self":[{"href":"https:\/\/www.kareturf.com\/it\/wp-json\/wp\/v2\/pages\/1052","targetHints":{"allow":["GET"]}}],"collection":[{"href":"https:\/\/www.kareturf.com\/it\/wp-json\/wp\/v2\/pages"}],"about":[{"href":"https:\/\/www.kareturf.com\/it\/wp-json\/wp\/v2\/types\/page"}],"author":[{"embeddable":true,"href":"https:\/\/www.kareturf.com\/it\/wp-json\/wp\/v2\/users\/1"}],"replies":[{"embeddable":true,"href":"https:\/\/www.kareturf.com\/it\/wp-json\/wp\/v2\/comments?post=1052"}],"version-history":[{"count":23,"href":"https:\/\/www.kareturf.com\/it\/wp-json\/wp\/v2\/pages\/1052\/revisions"}],"predecessor-version":[{"id":1188,"href":"https:\/\/www.kareturf.com\/it\/wp-json\/wp\/v2\/pages\/1052\/revisions\/1188"}],"wp:attachment":[{"href":"https:\/\/www.kareturf.com\/it\/wp-json\/wp\/v2\/media?parent=1052"}],"curies":[{"name":"wp","href":"https:\/\/api.w.org\/{rel}","templated":true}]}}