{"id":63,"date":"2025-02-04T13:40:19","date_gmt":"2025-02-04T13:40:19","guid":{"rendered":"https:\/\/dev.kareturf.com\/?page_id=63"},"modified":"2025-02-20T17:55:27","modified_gmt":"2025-02-20T17:55:27","slug":"soluciones","status":"publish","type":"page","link":"https:\/\/www.kareturf.com\/es\/soluciones\/","title":{"rendered":"Soluciones"},"content":{"rendered":"\t\t<div data-elementor-type=\"wp-page\" data-elementor-id=\"63\" class=\"elementor elementor-63\" data-elementor-post-type=\"page\">\n\t\t\t\t<div class=\"elementor-element elementor-element-74d324bc e-flex e-con-boxed e-con e-parent\" data-id=\"74d324bc\" data-element_type=\"container\" data-e-type=\"container\">\n\t\t\t\t\t<div class=\"e-con-inner\">\n\t\t<div class=\"elementor-element elementor-element-3e6ee5b6 e-flex e-con-boxed e-con e-child\" data-id=\"3e6ee5b6\" data-element_type=\"container\" data-e-type=\"container\">\n\t\t\t\t\t<div class=\"e-con-inner\">\n\t\t\t\t<div class=\"elementor-element elementor-element-1034db8b elementor-widget__width-initial elementor-widget elementor-widget-heading\" data-id=\"1034db8b\" data-element_type=\"widget\" data-e-type=\"widget\" data-widget_type=\"heading.default\">\n\t\t\t\t<div class=\"elementor-widget-container\">\n\t\t\t\t\t<h2 class=\"elementor-heading-title elementor-size-default\">Soluciones para el c\u00e9sped deportivo<\/h2>\t\t\t\t<\/div>\n\t\t\t\t<\/div>\n\t\t\t\t\t<\/div>\n\t\t\t\t<\/div>\n\t\t<div class=\"elementor-element elementor-element-27ab2471 e-con-full e-flex e-con e-child\" data-id=\"27ab2471\" data-element_type=\"container\" data-e-type=\"container\">\n\t\t<div class=\"elementor-element elementor-element-62bc162d e-con-full e-flex e-con e-child\" data-id=\"62bc162d\" data-element_type=\"container\" data-e-type=\"container\">\n\t\t\t\t<div class=\"elementor-element elementor-element-2d659103 elementor-widget__width-inherit elementor-widget elementor-widget-image\" data-id=\"2d659103\" data-element_type=\"widget\" data-e-type=\"widget\" data-widget_type=\"image.default\">\n\t\t\t\t<div class=\"elementor-widget-container\">\n\t\t\t\t\t\t\t\t\t\t\t\t\t\t\t<img decoding=\"async\" width=\"1\" height=\"1\" src=\"https:\/\/www.kareturf.com\/wp-content\/uploads\/2025\/02\/ESTRES.svg\" class=\"attachment-large size-large wp-image-69\" alt=\"\" \/>\t\t\t\t\t\t\t\t\t\t\t\t\t\t\t<\/div>\n\t\t\t\t<\/div>\n\t\t\t\t<div class=\"elementor-element elementor-element-1938562b elementor-widget elementor-widget-heading\" data-id=\"1938562b\" data-element_type=\"widget\" data-e-type=\"widget\" data-widget_type=\"heading.default\">\n\t\t\t\t<div class=\"elementor-widget-container\">\n\t\t\t\t\t<p class=\"elementor-heading-title elementor-size-default\">Eficiencia h\u00eddrica, <br> calidad premium<\/p>\t\t\t\t<\/div>\n\t\t\t\t<\/div>\n\t\t\t\t<div class=\"elementor-element elementor-element-4fa6882b elementor-widget elementor-widget-text-editor\" data-id=\"4fa6882b\" data-element_type=\"widget\" data-e-type=\"widget\" data-widget_type=\"text-editor.default\">\n\t\t\t\t<div class=\"elementor-widget-container\">\n\t\t\t\t\t\t\t\t\t<p><span style=\"font-weight: 400;\">Mejores resultados con una <\/span><span style=\"font-weight: 400;\"><br \/>mayor optimizaci\u00f3n del agua<\/span><\/p>\t\t\t\t\t\t\t\t<\/div>\n\t\t\t\t<\/div>\n\t\t\t\t<\/div>\n\t\t<div class=\"elementor-element elementor-element-6afce3cb e-con-full e-flex e-con e-child\" data-id=\"6afce3cb\" data-element_type=\"container\" data-e-type=\"container\">\n\t\t\t\t<div class=\"elementor-element elementor-element-30d79356 elementor-widget__width-inherit elementor-widget elementor-widget-image\" data-id=\"30d79356\" data-element_type=\"widget\" data-e-type=\"widget\" data-widget_type=\"image.default\">\n\t\t\t\t<div class=\"elementor-widget-container\">\n\t\t\t\t\t\t\t\t\t\t\t\t\t\t\t<img fetchpriority=\"high\" decoding=\"async\" width=\"800\" height=\"800\" src=\"https:\/\/www.kareturf.com\/wp-content\/uploads\/2025\/02\/PLAGAS2.svg\" class=\"attachment-large size-large wp-image-947\" alt=\"\" \/>\t\t\t\t\t\t\t\t\t\t\t\t\t\t\t<\/div>\n\t\t\t\t<\/div>\n\t\t\t\t<div class=\"elementor-element elementor-element-1694ddb9 elementor-widget elementor-widget-heading\" data-id=\"1694ddb9\" data-element_type=\"widget\" data-e-type=\"widget\" data-widget_type=\"heading.default\">\n\t\t\t\t<div class=\"elementor-widget-container\">\n\t\t\t\t\t<p class=\"elementor-heading-title elementor-size-default\">Manejo efectivo <br> de enfermedades<\/p>\t\t\t\t<\/div>\n\t\t\t\t<\/div>\n\t\t\t\t<div class=\"elementor-element elementor-element-d961df7 elementor-widget elementor-widget-text-editor\" data-id=\"d961df7\" data-element_type=\"widget\" data-e-type=\"widget\" data-widget_type=\"text-editor.default\">\n\t\t\t\t<div class=\"elementor-widget-container\">\n\t\t\t\t\t\t\t\t\t<p>Reducci\u00f3n de la presi\u00f3n <br \/>de enfermedad<\/p>\t\t\t\t\t\t\t\t<\/div>\n\t\t\t\t<\/div>\n\t\t\t\t<\/div>\n\t\t<div class=\"elementor-element elementor-element-51d1713e e-con-full e-flex e-con e-child\" data-id=\"51d1713e\" data-element_type=\"container\" data-e-type=\"container\">\n\t\t\t\t<div class=\"elementor-element elementor-element-3b338e90 elementor-widget__width-inherit elementor-widget elementor-widget-image\" data-id=\"3b338e90\" data-element_type=\"widget\" data-e-type=\"widget\" data-widget_type=\"image.default\">\n\t\t\t\t<div class=\"elementor-widget-container\">\n\t\t\t\t\t\t\t\t\t\t\t\t\t\t\t<img decoding=\"async\" width=\"800\" height=\"800\" src=\"https:\/\/www.kareturf.com\/wp-content\/uploads\/2025\/02\/COLOR2.svg\" class=\"attachment-large size-large wp-image-941\" alt=\"\" \/>\t\t\t\t\t\t\t\t\t\t\t\t\t\t\t<\/div>\n\t\t\t\t<\/div>\n\t\t\t\t<div class=\"elementor-element elementor-element-3666b606 elementor-widget elementor-widget-heading\" data-id=\"3666b606\" data-element_type=\"widget\" data-e-type=\"widget\" data-widget_type=\"heading.default\">\n\t\t\t\t<div class=\"elementor-widget-container\">\n\t\t\t\t\t<p class=\"elementor-heading-title elementor-size-default\">Color intenso <br> y duradero<\/p>\t\t\t\t<\/div>\n\t\t\t\t<\/div>\n\t\t\t\t<div class=\"elementor-element elementor-element-d9896ef elementor-widget elementor-widget-text-editor\" data-id=\"d9896ef\" data-element_type=\"widget\" data-e-type=\"widget\" data-widget_type=\"text-editor.default\">\n\t\t\t\t<div class=\"elementor-widget-container\">\n\t\t\t\t\t\t\t\t\t<p>La \u00e9lite en c\u00e9sped <br \/>deportivo<\/p>\t\t\t\t\t\t\t\t<\/div>\n\t\t\t\t<\/div>\n\t\t\t\t<\/div>\n\t\t\t\t<\/div>\n\t\t\t\t\t<\/div>\n\t\t\t\t<\/div>\n\t\t<div class=\"elementor-element elementor-element-76722032 e-flex e-con-boxed e-con e-parent\" data-id=\"76722032\" data-element_type=\"container\" data-e-type=\"container\">\n\t\t\t\t\t<div class=\"e-con-inner\">\n\t\t<div class=\"elementor-element elementor-element-16d552f9 e-con-full e-flex e-con e-child\" data-id=\"16d552f9\" data-element_type=\"container\" data-e-type=\"container\">\n\t\t<div class=\"elementor-element elementor-element-6d895a1e e-con-full e-flex e-con e-child\" data-id=\"6d895a1e\" data-element_type=\"container\" data-e-type=\"container\" data-settings=\"{&quot;background_background&quot;:&quot;classic&quot;}\">\n\t\t\t\t<\/div>\n\t\t<div class=\"elementor-element elementor-element-4d497be7 e-con-full e-flex e-con e-child\" data-id=\"4d497be7\" data-element_type=\"container\" data-e-type=\"container\">\n\t\t\t\t<div class=\"elementor-element elementor-element-4119068 elementor-widget__width-initial elementor-widget elementor-widget-heading\" data-id=\"4119068\" data-element_type=\"widget\" data-e-type=\"widget\" data-widget_type=\"heading.default\">\n\t\t\t\t<div class=\"elementor-widget-container\">\n\t\t\t\t\t<h2 class=\"elementor-heading-title elementor-size-default\">M\u00e1xima eficiencia en el uso del agua.<\/h2>\t\t\t\t<\/div>\n\t\t\t\t<\/div>\n\t\t\t\t<div class=\"elementor-element elementor-element-2ed12436 elementor-widget elementor-widget-text-editor\" data-id=\"2ed12436\" data-element_type=\"widget\" data-e-type=\"widget\" data-widget_type=\"text-editor.default\">\n\t\t\t\t<div class=\"elementor-widget-container\">\n\t\t\t\t\t\t\t\t\t<p>Con una sola aplicaci\u00f3n de nuestro bioestimulante tecnol\u00f3gico, logramos un\u00a0<b>9.4% m\u00e1s de humedad<\/b>\u00a0volum\u00e9trica a 10 cm de profundidad,\u00a0<b>superando al control<\/b>\u00a0con agente humectante.<\/p>\t\t\t\t\t\t\t\t<\/div>\n\t\t\t\t<\/div>\n\t\t\t\t<div class=\"elementor-element elementor-element-90455ba elementor-widget elementor-widget-text-editor\" data-id=\"90455ba\" data-element_type=\"widget\" data-e-type=\"widget\" data-widget_type=\"text-editor.default\">\n\t\t\t\t<div class=\"elementor-widget-container\">\n\t\t\t\t\t\t\t\t\t<p>Mantenemos el mismo rendimiento de\u00a0<b>NDMI\u00a0<\/b>en la planta con\u00a0<b>hasta un 30% menos de riego<\/b>.<\/p>\t\t\t\t\t\t\t\t<\/div>\n\t\t\t\t<\/div>\n\t\t\t\t<\/div>\n\t\t\t\t<\/div>\n\t\t\t\t\t<\/div>\n\t\t\t\t<\/div>\n\t\t<div class=\"elementor-element elementor-element-41d2fc50 e-flex e-con-boxed e-con e-parent\" data-id=\"41d2fc50\" data-element_type=\"container\" data-e-type=\"container\">\n\t\t\t\t\t<div class=\"e-con-inner\">\n\t\t<div class=\"elementor-element elementor-element-287dead e-con-full e-flex e-con e-child\" data-id=\"287dead\" data-element_type=\"container\" data-e-type=\"container\">\n\t\t<div class=\"elementor-element elementor-element-211d95f2 e-con-full e-flex e-con e-child\" data-id=\"211d95f2\" data-element_type=\"container\" data-e-type=\"container\">\n\t\t\t\t<div class=\"elementor-element elementor-element-ddbf476 elementor-widget elementor-widget-heading\" data-id=\"ddbf476\" data-element_type=\"widget\" data-e-type=\"widget\" data-widget_type=\"heading.default\">\n\t\t\t\t<div class=\"elementor-widget-container\">\n\t\t\t\t\t<h2 class=\"elementor-heading-title elementor-size-default\">Manejo efectivo de enfermedades del c\u00e9sped.<\/h2>\t\t\t\t<\/div>\n\t\t\t\t<\/div>\n\t\t\t\t<div class=\"elementor-element elementor-element-eccd378 elementor-widget elementor-widget-text-editor\" data-id=\"eccd378\" data-element_type=\"widget\" data-e-type=\"widget\" data-widget_type=\"text-editor.default\">\n\t\t\t\t<div class=\"elementor-widget-container\">\n\t\t\t\t\t\t\t\t\t<p>Con nuestros bioestimulantes tecnol\u00f3gicos,\u00a0<b>frenamos el avance de la enfermedad<\/b>, dando al greenkeeper el tiempo necesario para planificar las aplicaciones fitosanitarias. Nuestras f\u00f3rmulas son esenciales en un plan de manejo integrado.<\/p>\t\t\t\t\t\t\t\t<\/div>\n\t\t\t\t<\/div>\n\t\t\t\t<div class=\"elementor-element elementor-element-fb2322c elementor-widget elementor-widget-text-editor\" data-id=\"fb2322c\" data-element_type=\"widget\" data-e-type=\"widget\" data-widget_type=\"text-editor.default\">\n\t\t\t\t<div class=\"elementor-widget-container\">\n\t\t\t\t\t\t\t\t\t<p><strong>Hasta un 45%<\/strong> de reducci\u00f3n de la presi\u00f3n de enfermedad en los casos m\u00e1s extremos.<\/p>\t\t\t\t\t\t\t\t<\/div>\n\t\t\t\t<\/div>\n\t\t\t\t<\/div>\n\t\t<div class=\"elementor-element elementor-element-2227af82 e-con-full e-flex e-con e-child\" data-id=\"2227af82\" data-element_type=\"container\" data-e-type=\"container\" data-settings=\"{&quot;background_background&quot;:&quot;classic&quot;}\">\n\t\t\t\t<\/div>\n\t\t\t\t<\/div>\n\t\t\t\t\t<\/div>\n\t\t\t\t<\/div>\n\t\t<div class=\"elementor-element elementor-element-f7177de e-flex e-con-boxed e-con e-parent\" data-id=\"f7177de\" data-element_type=\"container\" data-e-type=\"container\">\n\t\t\t\t\t<div class=\"e-con-inner\">\n\t\t<div class=\"elementor-element elementor-element-4415d34 e-con-full e-flex e-con e-child\" data-id=\"4415d34\" data-element_type=\"container\" data-e-type=\"container\">\n\t\t<div class=\"elementor-element elementor-element-91ec124 e-con-full e-flex e-con e-child\" data-id=\"91ec124\" data-element_type=\"container\" data-e-type=\"container\" data-settings=\"{&quot;background_background&quot;:&quot;classic&quot;}\">\n\t\t\t\t<\/div>\n\t\t<div class=\"elementor-element elementor-element-4b56533 e-con-full e-flex e-con e-child\" data-id=\"4b56533\" data-element_type=\"container\" data-e-type=\"container\">\n\t\t\t\t<div class=\"elementor-element elementor-element-d529761 elementor-widget elementor-widget-heading\" data-id=\"d529761\" data-element_type=\"widget\" data-e-type=\"widget\" data-widget_type=\"heading.default\">\n\t\t\t\t<div class=\"elementor-widget-container\">\n\t\t\t\t\t<h2 class=\"elementor-heading-title elementor-size-default\">Desarrollo acelerado\ny homog\u00e9neo.<\/h2>\t\t\t\t<\/div>\n\t\t\t\t<\/div>\n\t\t\t\t<div class=\"elementor-element elementor-element-9d09ac0 elementor-widget elementor-widget-text-editor\" data-id=\"9d09ac0\" data-element_type=\"widget\" data-e-type=\"widget\" data-widget_type=\"text-editor.default\">\n\t\t\t\t<div class=\"elementor-widget-container\">\n\t\t\t\t\t\t\t\t\t<p>Recuperaci\u00f3n acelerada y eficiente del c\u00e9sped frente a salinidad, altas temperaturas y desgaste por uso, garantizando una cobertura \u00f3ptima en menos tiempo.<\/p>\t\t\t\t\t\t\t\t<\/div>\n\t\t\t\t<\/div>\n\t\t\t\t<\/div>\n\t\t\t\t<\/div>\n\t\t\t\t\t<\/div>\n\t\t\t\t<\/div>\n\t\t<div class=\"elementor-element elementor-element-33f7efe e-flex e-con-boxed e-con e-parent\" data-id=\"33f7efe\" data-element_type=\"container\" data-e-type=\"container\">\n\t\t\t\t\t<div class=\"e-con-inner\">\n\t\t<div class=\"elementor-element elementor-element-8ff8101 e-con-full e-flex e-con e-child\" data-id=\"8ff8101\" data-element_type=\"container\" data-e-type=\"container\">\n\t\t<div class=\"elementor-element elementor-element-431cd9f e-con-full e-flex e-con e-child\" data-id=\"431cd9f\" data-element_type=\"container\" data-e-type=\"container\">\n\t\t\t\t<div class=\"elementor-element elementor-element-fbd5c86 elementor-widget elementor-widget-heading\" data-id=\"fbd5c86\" data-element_type=\"widget\" data-e-type=\"widget\" data-widget_type=\"heading.default\">\n\t\t\t\t<div class=\"elementor-widget-container\">\n\t\t\t\t\t<h2 class=\"elementor-heading-title elementor-size-default\"> Color inmediato, intensidad y durabilidad garantizada.<\/h2>\t\t\t\t<\/div>\n\t\t\t\t<\/div>\n\t\t\t\t<div class=\"elementor-element elementor-element-7b1ad98 elementor-widget elementor-widget-text-editor\" data-id=\"7b1ad98\" data-element_type=\"widget\" data-e-type=\"widget\" data-widget_type=\"text-editor.default\">\n\t\t\t\t<div class=\"elementor-widget-container\">\n\t\t\t\t\t\t\t\t\t<p>Nuestros\u00a0 bioestimulantes tecnol\u00f3gicos, aumentan el color hasta casi un punto con respecto a los productos de referencia del mercado.<\/p>\t\t\t\t\t\t\t\t<\/div>\n\t\t\t\t<\/div>\n\t\t\t\t<div class=\"elementor-element elementor-element-3a7758f elementor-widget elementor-widget-text-editor\" data-id=\"3a7758f\" data-element_type=\"widget\" data-e-type=\"widget\" data-widget_type=\"text-editor.default\">\n\t\t\t\t<div class=\"elementor-widget-container\">\n\t\t\t\t\t\t\t\t\t<p>Durabilidad de hasta 15 d\u00edas, manteniendo la intensidad del color al m\u00e1ximo.<\/p>\t\t\t\t\t\t\t\t<\/div>\n\t\t\t\t<\/div>\n\t\t\t\t<\/div>\n\t\t<div class=\"elementor-element elementor-element-16635d2 e-con-full e-flex e-con e-child\" data-id=\"16635d2\" data-element_type=\"container\" data-e-type=\"container\" data-settings=\"{&quot;background_background&quot;:&quot;classic&quot;}\">\n\t\t\t\t<\/div>\n\t\t\t\t<\/div>\n\t\t\t\t\t<\/div>\n\t\t\t\t<\/div>\n\t\t<div class=\"elementor-element elementor-element-b8ab5c8 e-flex e-con-boxed e-con e-parent\" data-id=\"b8ab5c8\" data-element_type=\"container\" data-e-type=\"container\">\n\t\t\t\t\t<div class=\"e-con-inner\">\n\t\t<div class=\"elementor-element elementor-element-a28bb6b e-con-full e-flex e-con e-child\" data-id=\"a28bb6b\" data-element_type=\"container\" data-e-type=\"container\">\n\t\t<div class=\"elementor-element elementor-element-f73521d e-con-full e-flex e-con e-child\" data-id=\"f73521d\" data-element_type=\"container\" data-e-type=\"container\" data-settings=\"{&quot;background_background&quot;:&quot;classic&quot;}\">\n\t\t\t\t<\/div>\n\t\t<div class=\"elementor-element elementor-element-b20929c e-con-full e-flex e-con e-child\" data-id=\"b20929c\" data-element_type=\"container\" data-e-type=\"container\">\n\t\t\t\t<div class=\"elementor-element elementor-element-390f34f elementor-widget elementor-widget-heading\" data-id=\"390f34f\" data-element_type=\"widget\" data-e-type=\"widget\" data-widget_type=\"heading.default\">\n\t\t\t\t<div class=\"elementor-widget-container\">\n\t\t\t\t\t<h2 class=\"elementor-heading-title elementor-size-default\">Absorci\u00f3n inmediata de nutrientes.<\/h2>\t\t\t\t<\/div>\n\t\t\t\t<\/div>\n\t\t\t\t<div class=\"elementor-element elementor-element-d99b5aa elementor-widget elementor-widget-text-editor\" data-id=\"d99b5aa\" data-element_type=\"widget\" data-e-type=\"widget\" data-widget_type=\"text-editor.default\">\n\t\t\t\t<div class=\"elementor-widget-container\">\n\t\t\t\t\t\t\t\t\t<p>Nuestra I+D+i constante potencia la absorci\u00f3n y asimilaci\u00f3n de nutrientes, asegurando un c\u00e9sped de calidad superior, con mayor tolerancia a estreses bi\u00f3ticos y abi\u00f3ticos.<\/p>\t\t\t\t\t\t\t\t<\/div>\n\t\t\t\t<\/div>\n\t\t\t\t<\/div>\n\t\t\t\t<\/div>\n\t\t\t\t\t<\/div>\n\t\t\t\t<\/div>\n\t\t\t\t<\/div>\n\t\t","protected":false},"excerpt":{"rendered":"<p>Soluciones para el c\u00e9sped deportivo Eficiencia h\u00eddrica, calidad premium Mejores resultados con una mayor optimizaci\u00f3n del agua Manejo efectivo de enfermedades Reducci\u00f3n de la presi\u00f3n de enfermedad Color intenso y duradero La \u00e9lite en c\u00e9sped deportivo M\u00e1xima eficiencia en el uso del agua. Con una sola aplicaci\u00f3n de nuestro bioestimulante tecnol\u00f3gico, logramos un\u00a09.4% m\u00e1s de [&hellip;]<\/p>\n","protected":false},"author":1,"featured_media":0,"parent":0,"menu_order":0,"comment_status":"closed","ping_status":"closed","template":"","meta":{"inline_featured_image":false,"footnotes":""},"class_list":["post-63","page","type-page","status-publish","hentry"],"yoast_head":"<!-- This site is optimized with the Yoast SEO plugin v27.4 - https:\/\/yoast.com\/product\/yoast-seo-wordpress\/ -->\n<title>Soluciones - Kare Turf<\/title>\n<meta name=\"robots\" content=\"index, follow, max-snippet:-1, max-image-preview:large, max-video-preview:-1\" \/>\n<link rel=\"canonical\" href=\"https:\/\/www.kareturf.com\/es\/soluciones\/\" \/>\n<meta property=\"og:locale\" content=\"es_ES\" \/>\n<meta property=\"og:type\" content=\"article\" \/>\n<meta property=\"og:title\" content=\"Soluciones - Kare Turf\" \/>\n<meta property=\"og:description\" content=\"Soluciones para el c\u00e9sped deportivo Eficiencia h\u00eddrica, calidad premium Mejores resultados con una mayor optimizaci\u00f3n del agua Manejo efectivo de enfermedades Reducci\u00f3n de la presi\u00f3n de enfermedad Color intenso y duradero La \u00e9lite en c\u00e9sped deportivo M\u00e1xima eficiencia en el uso del agua. Con una sola aplicaci\u00f3n de nuestro bioestimulante tecnol\u00f3gico, logramos un\u00a09.4% m\u00e1s de [&hellip;]\" \/>\n<meta property=\"og:url\" content=\"https:\/\/www.kareturf.com\/es\/soluciones\/\" \/>\n<meta property=\"og:site_name\" content=\"Kare Turf\" \/>\n<meta property=\"article:modified_time\" content=\"2025-02-20T17:55:27+00:00\" \/>\n<meta name=\"twitter:card\" content=\"summary_large_image\" \/>\n<meta name=\"twitter:label1\" content=\"Tiempo de lectura\" \/>\n\t<meta name=\"twitter:data1\" content=\"2 minutos\" \/>\n<script type=\"application\/ld+json\" class=\"yoast-schema-graph\">{\"@context\":\"https:\\\/\\\/schema.org\",\"@graph\":[{\"@type\":\"WebPage\",\"@id\":\"https:\\\/\\\/www.kareturf.com\\\/es\\\/soluciones\\\/\",\"url\":\"https:\\\/\\\/www.kareturf.com\\\/es\\\/soluciones\\\/\",\"name\":\"Soluciones - Kare Turf\",\"isPartOf\":{\"@id\":\"https:\\\/\\\/www.kareturf.com\\\/es\\\/#website\"},\"primaryImageOfPage\":{\"@id\":\"https:\\\/\\\/www.kareturf.com\\\/es\\\/soluciones\\\/#primaryimage\"},\"image\":{\"@id\":\"https:\\\/\\\/www.kareturf.com\\\/es\\\/soluciones\\\/#primaryimage\"},\"thumbnailUrl\":\"http:\\\/\\\/www.kareturf.com\\\/wp-content\\\/uploads\\\/2025\\\/02\\\/ESTRES.svg\",\"datePublished\":\"2025-02-04T13:40:19+00:00\",\"dateModified\":\"2025-02-20T17:55:27+00:00\",\"breadcrumb\":{\"@id\":\"https:\\\/\\\/www.kareturf.com\\\/es\\\/soluciones\\\/#breadcrumb\"},\"inLanguage\":\"es\",\"potentialAction\":[{\"@type\":\"ReadAction\",\"target\":[\"https:\\\/\\\/www.kareturf.com\\\/es\\\/soluciones\\\/\"]}]},{\"@type\":\"ImageObject\",\"inLanguage\":\"es\",\"@id\":\"https:\\\/\\\/www.kareturf.com\\\/es\\\/soluciones\\\/#primaryimage\",\"url\":\"http:\\\/\\\/www.kareturf.com\\\/wp-content\\\/uploads\\\/2025\\\/02\\\/ESTRES.svg\",\"contentUrl\":\"http:\\\/\\\/www.kareturf.com\\\/wp-content\\\/uploads\\\/2025\\\/02\\\/ESTRES.svg\"},{\"@type\":\"BreadcrumbList\",\"@id\":\"https:\\\/\\\/www.kareturf.com\\\/es\\\/soluciones\\\/#breadcrumb\",\"itemListElement\":[{\"@type\":\"ListItem\",\"position\":1,\"name\":\"Portada\",\"item\":\"https:\\\/\\\/www.kareturf.com\\\/es\\\/\"},{\"@type\":\"ListItem\",\"position\":2,\"name\":\"Soluciones\"}]},{\"@type\":\"WebSite\",\"@id\":\"https:\\\/\\\/www.kareturf.com\\\/es\\\/#website\",\"url\":\"https:\\\/\\\/www.kareturf.com\\\/es\\\/\",\"name\":\"Kare Turf\",\"description\":\"\",\"publisher\":{\"@id\":\"https:\\\/\\\/www.kareturf.com\\\/es\\\/#organization\"},\"potentialAction\":[{\"@type\":\"SearchAction\",\"target\":{\"@type\":\"EntryPoint\",\"urlTemplate\":\"https:\\\/\\\/www.kareturf.com\\\/es\\\/?s={search_term_string}\"},\"query-input\":{\"@type\":\"PropertyValueSpecification\",\"valueRequired\":true,\"valueName\":\"search_term_string\"}}],\"inLanguage\":\"es\"},{\"@type\":\"Organization\",\"@id\":\"https:\\\/\\\/www.kareturf.com\\\/es\\\/#organization\",\"name\":\"Kare Turf\",\"url\":\"https:\\\/\\\/www.kareturf.com\\\/es\\\/\",\"logo\":{\"@type\":\"ImageObject\",\"inLanguage\":\"es\",\"@id\":\"https:\\\/\\\/www.kareturf.com\\\/es\\\/#\\\/schema\\\/logo\\\/image\\\/\",\"url\":\"https:\\\/\\\/www.kareturf.com\\\/wp-content\\\/uploads\\\/2025\\\/02\\\/cropped-logo-kare-negro.png\",\"contentUrl\":\"https:\\\/\\\/www.kareturf.com\\\/wp-content\\\/uploads\\\/2025\\\/02\\\/cropped-logo-kare-negro.png\",\"width\":500,\"height\":111,\"caption\":\"Kare Turf\"},\"image\":{\"@id\":\"https:\\\/\\\/www.kareturf.com\\\/es\\\/#\\\/schema\\\/logo\\\/image\\\/\"}}]}<\/script>\n<!-- \/ Yoast SEO plugin. -->","yoast_head_json":{"title":"Soluciones - Kare Turf","robots":{"index":"index","follow":"follow","max-snippet":"max-snippet:-1","max-image-preview":"max-image-preview:large","max-video-preview":"max-video-preview:-1"},"canonical":"https:\/\/www.kareturf.com\/es\/soluciones\/","og_locale":"es_ES","og_type":"article","og_title":"Soluciones - Kare Turf","og_description":"Soluciones para el c\u00e9sped deportivo Eficiencia h\u00eddrica, calidad premium Mejores resultados con una mayor optimizaci\u00f3n del agua Manejo efectivo de enfermedades Reducci\u00f3n de la presi\u00f3n de enfermedad Color intenso y duradero La \u00e9lite en c\u00e9sped deportivo M\u00e1xima eficiencia en el uso del agua. Con una sola aplicaci\u00f3n de nuestro bioestimulante tecnol\u00f3gico, logramos un\u00a09.4% m\u00e1s de [&hellip;]","og_url":"https:\/\/www.kareturf.com\/es\/soluciones\/","og_site_name":"Kare Turf","article_modified_time":"2025-02-20T17:55:27+00:00","twitter_card":"summary_large_image","twitter_misc":{"Tiempo de lectura":"2 minutos"},"schema":{"@context":"https:\/\/schema.org","@graph":[{"@type":"WebPage","@id":"https:\/\/www.kareturf.com\/es\/soluciones\/","url":"https:\/\/www.kareturf.com\/es\/soluciones\/","name":"Soluciones - Kare Turf","isPartOf":{"@id":"https:\/\/www.kareturf.com\/es\/#website"},"primaryImageOfPage":{"@id":"https:\/\/www.kareturf.com\/es\/soluciones\/#primaryimage"},"image":{"@id":"https:\/\/www.kareturf.com\/es\/soluciones\/#primaryimage"},"thumbnailUrl":"http:\/\/www.kareturf.com\/wp-content\/uploads\/2025\/02\/ESTRES.svg","datePublished":"2025-02-04T13:40:19+00:00","dateModified":"2025-02-20T17:55:27+00:00","breadcrumb":{"@id":"https:\/\/www.kareturf.com\/es\/soluciones\/#breadcrumb"},"inLanguage":"es","potentialAction":[{"@type":"ReadAction","target":["https:\/\/www.kareturf.com\/es\/soluciones\/"]}]},{"@type":"ImageObject","inLanguage":"es","@id":"https:\/\/www.kareturf.com\/es\/soluciones\/#primaryimage","url":"http:\/\/www.kareturf.com\/wp-content\/uploads\/2025\/02\/ESTRES.svg","contentUrl":"http:\/\/www.kareturf.com\/wp-content\/uploads\/2025\/02\/ESTRES.svg"},{"@type":"BreadcrumbList","@id":"https:\/\/www.kareturf.com\/es\/soluciones\/#breadcrumb","itemListElement":[{"@type":"ListItem","position":1,"name":"Portada","item":"https:\/\/www.kareturf.com\/es\/"},{"@type":"ListItem","position":2,"name":"Soluciones"}]},{"@type":"WebSite","@id":"https:\/\/www.kareturf.com\/es\/#website","url":"https:\/\/www.kareturf.com\/es\/","name":"Kare Turf","description":"","publisher":{"@id":"https:\/\/www.kareturf.com\/es\/#organization"},"potentialAction":[{"@type":"SearchAction","target":{"@type":"EntryPoint","urlTemplate":"https:\/\/www.kareturf.com\/es\/?s={search_term_string}"},"query-input":{"@type":"PropertyValueSpecification","valueRequired":true,"valueName":"search_term_string"}}],"inLanguage":"es"},{"@type":"Organization","@id":"https:\/\/www.kareturf.com\/es\/#organization","name":"Kare Turf","url":"https:\/\/www.kareturf.com\/es\/","logo":{"@type":"ImageObject","inLanguage":"es","@id":"https:\/\/www.kareturf.com\/es\/#\/schema\/logo\/image\/","url":"https:\/\/www.kareturf.com\/wp-content\/uploads\/2025\/02\/cropped-logo-kare-negro.png","contentUrl":"https:\/\/www.kareturf.com\/wp-content\/uploads\/2025\/02\/cropped-logo-kare-negro.png","width":500,"height":111,"caption":"Kare Turf"},"image":{"@id":"https:\/\/www.kareturf.com\/es\/#\/schema\/logo\/image\/"}}]}},"_links":{"self":[{"href":"https:\/\/www.kareturf.com\/es\/wp-json\/wp\/v2\/pages\/63","targetHints":{"allow":["GET"]}}],"collection":[{"href":"https:\/\/www.kareturf.com\/es\/wp-json\/wp\/v2\/pages"}],"about":[{"href":"https:\/\/www.kareturf.com\/es\/wp-json\/wp\/v2\/types\/page"}],"author":[{"embeddable":true,"href":"https:\/\/www.kareturf.com\/es\/wp-json\/wp\/v2\/users\/1"}],"replies":[{"embeddable":true,"href":"https:\/\/www.kareturf.com\/es\/wp-json\/wp\/v2\/comments?post=63"}],"version-history":[{"count":233,"href":"https:\/\/www.kareturf.com\/es\/wp-json\/wp\/v2\/pages\/63\/revisions"}],"predecessor-version":[{"id":1179,"href":"https:\/\/www.kareturf.com\/es\/wp-json\/wp\/v2\/pages\/63\/revisions\/1179"}],"wp:attachment":[{"href":"https:\/\/www.kareturf.com\/es\/wp-json\/wp\/v2\/media?parent=63"}],"curies":[{"name":"wp","href":"https:\/\/api.w.org\/{rel}","templated":true}]}}