{"id":100,"date":"2025-02-04T13:40:32","date_gmt":"2025-02-04T13:40:32","guid":{"rendered":"https:\/\/dev.kareturf.com\/?page_id=100"},"modified":"2025-02-12T18:36:03","modified_gmt":"2025-02-12T18:36:03","slug":"nosotros","status":"publish","type":"page","link":"https:\/\/www.kareturf.com\/es\/nosotros\/","title":{"rendered":"Nosotros"},"content":{"rendered":"\t\t<div data-elementor-type=\"wp-page\" data-elementor-id=\"100\" class=\"elementor elementor-100\" data-elementor-post-type=\"page\">\n\t\t\t\t<div class=\"elementor-element elementor-element-2753afe0 e-flex e-con-boxed e-con e-parent\" data-id=\"2753afe0\" data-element_type=\"container\" data-e-type=\"container\">\n\t\t\t\t\t<div class=\"e-con-inner\">\n\t\t\t\t<div class=\"elementor-element elementor-element-f1f32da elementor-widget elementor-widget-image\" data-id=\"f1f32da\" data-element_type=\"widget\" data-e-type=\"widget\" data-widget_type=\"image.default\">\n\t\t\t\t<div class=\"elementor-widget-container\">\n\t\t\t\t\t\t\t\t\t\t\t\t\t\t\t<img fetchpriority=\"high\" decoding=\"async\" width=\"800\" height=\"500\" src=\"https:\/\/www.kareturf.com\/wp-content\/uploads\/2025\/02\/the-first-player-0-100-1-1024x640.png\" class=\"attachment-large size-large wp-image-252\" alt=\"\" srcset=\"https:\/\/www.kareturf.com\/wp-content\/uploads\/2025\/02\/the-first-player-0-100-1-1024x640.png 1024w, https:\/\/www.kareturf.com\/wp-content\/uploads\/2025\/02\/the-first-player-0-100-1-300x188.png 300w, https:\/\/www.kareturf.com\/wp-content\/uploads\/2025\/02\/the-first-player-0-100-1-768x480.png 768w, https:\/\/www.kareturf.com\/wp-content\/uploads\/2025\/02\/the-first-player-0-100-1.png 1440w\" sizes=\"(max-width: 800px) 100vw, 800px\" \/>\t\t\t\t\t\t\t\t\t\t\t\t\t\t\t<\/div>\n\t\t\t\t<\/div>\n\t\t\t\t\t<\/div>\n\t\t\t\t<\/div>\n\t\t<div class=\"elementor-element elementor-element-3f3dcb8c e-flex e-con-boxed e-con e-parent\" data-id=\"3f3dcb8c\" data-element_type=\"container\" data-e-type=\"container\">\n\t\t\t\t\t<div class=\"e-con-inner\">\n\t\t<div class=\"elementor-element elementor-element-5aba01a7 e-con-full e-flex e-con e-child\" data-id=\"5aba01a7\" data-element_type=\"container\" data-e-type=\"container\">\n\t\t<div class=\"elementor-element elementor-element-55e51fe8 e-con-full e-flex e-con e-child\" data-id=\"55e51fe8\" data-element_type=\"container\" data-e-type=\"container\">\n\t\t\t\t<div class=\"elementor-element elementor-element-ad88a01 elementor-widget elementor-widget-heading\" data-id=\"ad88a01\" data-element_type=\"widget\" data-e-type=\"widget\" data-widget_type=\"heading.default\">\n\t\t\t\t<div class=\"elementor-widget-container\">\n\t\t\t\t\t<h2 class=\"elementor-heading-title elementor-size-default\">The first player<\/h2>\t\t\t\t<\/div>\n\t\t\t\t<\/div>\n\t\t\t\t<div class=\"elementor-element elementor-element-67aa92e4 elementor-widget elementor-widget-text-editor\" data-id=\"67aa92e4\" data-element_type=\"widget\" data-e-type=\"widget\" data-widget_type=\"text-editor.default\">\n\t\t\t\t<div class=\"elementor-widget-container\">\n\t\t\t\t\t\t\t\t\t<p><span style=\"font-family: Arial, sans-serif;\">Kare es mucho m\u00e1s que una marca: somos pioneros en el campo de la bioestimulaci\u00f3n para c\u00e9sped deportivo. Como la primera opci\u00f3n en el juego, dise\u00f1amos nuestras f\u00f3rmulas a partir de las necesidades reales del c\u00e9sped, utilizando materias primas de primera calidad y tecnolog\u00edas innovadoras para garantizar resultados superiores.<\/span><\/p>\t\t\t\t\t\t\t\t<\/div>\n\t\t\t\t<\/div>\n\t\t\t\t<\/div>\n\t\t<div class=\"elementor-element elementor-element-76cb51f6 e-con-full e-flex e-con e-child\" data-id=\"76cb51f6\" data-element_type=\"container\" data-e-type=\"container\" data-settings=\"{&quot;background_background&quot;:&quot;classic&quot;}\">\n\t\t\t\t<\/div>\n\t\t\t\t<\/div>\n\t\t\t\t\t<\/div>\n\t\t\t\t<\/div>\n\t\t<div class=\"elementor-element elementor-element-6bc1d4e2 e-flex e-con-boxed e-con e-parent\" data-id=\"6bc1d4e2\" data-element_type=\"container\" data-e-type=\"container\">\n\t\t\t\t\t<div class=\"e-con-inner\">\n\t\t<div class=\"elementor-element elementor-element-4c57b5f1 e-con-full e-flex e-con e-child\" data-id=\"4c57b5f1\" data-element_type=\"container\" data-e-type=\"container\">\n\t\t<div class=\"elementor-element elementor-element-153caeac e-con-full e-flex e-con e-child\" data-id=\"153caeac\" data-element_type=\"container\" data-e-type=\"container\" data-settings=\"{&quot;background_background&quot;:&quot;classic&quot;}\">\n\t\t\t\t<\/div>\n\t\t<div class=\"elementor-element elementor-element-501c3f7b e-con-full e-flex e-con e-child\" data-id=\"501c3f7b\" data-element_type=\"container\" data-e-type=\"container\">\n\t\t\t\t<div class=\"elementor-element elementor-element-43e798cd elementor-widget elementor-widget-text-editor\" data-id=\"43e798cd\" data-element_type=\"widget\" data-e-type=\"widget\" data-widget_type=\"text-editor.default\">\n\t\t\t\t<div class=\"elementor-widget-container\">\n\t\t\t\t\t\t\t\t\t<p><span style=\"font-family: Arial, sans-serif;\">Con m\u00e1s de una d\u00e9cada de experiencia respaldada por Kheme Chemical, nuestra marca se destaca por ofrecer soluciones que elevan la calidad y el rendimiento de los terrenos deportivos.<\/span><\/p>\t\t\t\t\t\t\t\t<\/div>\n\t\t\t\t<\/div>\n\t\t\t\t<\/div>\n\t\t\t\t<\/div>\n\t\t\t\t\t<\/div>\n\t\t\t\t<\/div>\n\t\t<div class=\"elementor-element elementor-element-b915241 e-flex e-con-boxed e-con e-parent\" data-id=\"b915241\" data-element_type=\"container\" data-e-type=\"container\">\n\t\t\t\t\t<div class=\"e-con-inner\">\n\t\t<div class=\"elementor-element elementor-element-f0fc3c9 e-con-full e-flex e-con e-child\" data-id=\"f0fc3c9\" data-element_type=\"container\" data-e-type=\"container\">\n\t\t<div class=\"elementor-element elementor-element-98c3c1a e-con-full e-flex e-con e-child\" data-id=\"98c3c1a\" data-element_type=\"container\" data-e-type=\"container\">\n\t\t\t\t<div class=\"elementor-element elementor-element-1f1954e elementor-widget elementor-widget-text-editor\" data-id=\"1f1954e\" data-element_type=\"widget\" data-e-type=\"widget\" data-widget_type=\"text-editor.default\">\n\t\t\t\t<div class=\"elementor-widget-container\">\n\t\t\t\t\t\t\t\t\t<p>Somos una marca de Kheme Chemical, una compa\u00f1\u00eda l\u00edder en el desarrollo y fabricaci\u00f3n de formulaciones qu\u00edmicas para la industria de la construcci\u00f3n, la cer\u00e1mica y la agricultura.<\/p>\t\t\t\t\t\t\t\t<\/div>\n\t\t\t\t<\/div>\n\t\t\t\t<div class=\"elementor-element elementor-element-4da88f4 elementor-icon-list--layout-traditional elementor-list-item-link-full_width elementor-widget elementor-widget-icon-list\" data-id=\"4da88f4\" data-element_type=\"widget\" data-e-type=\"widget\" data-widget_type=\"icon-list.default\">\n\t\t\t\t<div class=\"elementor-widget-container\">\n\t\t\t\t\t\t\t<ul class=\"elementor-icon-list-items\">\n\t\t\t\t\t\t\t<li class=\"elementor-icon-list-item\">\n\t\t\t\t\t\t\t\t\t\t\t<a href=\"https:\/\/www.khemechemical.com\/\" target=\"_blank\">\n\n\t\t\t\t\t\t\t\t\t\t\t<span class=\"elementor-icon-list-text\">www.khemechemical.com<\/span>\n\t\t\t\t\t\t\t\t\t\t\t<\/a>\n\t\t\t\t\t\t\t\t\t<\/li>\n\t\t\t\t\t\t<\/ul>\n\t\t\t\t\t\t<\/div>\n\t\t\t\t<\/div>\n\t\t\t\t<\/div>\n\t\t<div class=\"elementor-element elementor-element-4a8fb59 e-con-full e-flex e-con e-child\" data-id=\"4a8fb59\" data-element_type=\"container\" data-e-type=\"container\" data-settings=\"{&quot;background_background&quot;:&quot;classic&quot;}\">\n\t\t\t\t<\/div>\n\t\t\t\t<\/div>\n\t\t\t\t\t<\/div>\n\t\t\t\t<\/div>\n\t\t\t\t<\/div>\n\t\t","protected":false},"excerpt":{"rendered":"<p>The first player Kare es mucho m\u00e1s que una marca: somos pioneros en el campo de la bioestimulaci\u00f3n para c\u00e9sped deportivo. Como la primera opci\u00f3n en el juego, dise\u00f1amos nuestras f\u00f3rmulas a partir de las necesidades reales del c\u00e9sped, utilizando materias primas de primera calidad y tecnolog\u00edas innovadoras para garantizar resultados superiores. Con m\u00e1s de [&hellip;]<\/p>\n","protected":false},"author":1,"featured_media":0,"parent":0,"menu_order":0,"comment_status":"closed","ping_status":"closed","template":"","meta":{"inline_featured_image":false,"footnotes":""},"class_list":["post-100","page","type-page","status-publish","hentry"],"yoast_head":"<!-- This site is optimized with the Yoast SEO plugin v27.4 - https:\/\/yoast.com\/product\/yoast-seo-wordpress\/ -->\n<title>Nosotros - Kare Turf<\/title>\n<meta name=\"robots\" content=\"index, follow, max-snippet:-1, max-image-preview:large, max-video-preview:-1\" \/>\n<link rel=\"canonical\" href=\"https:\/\/www.kareturf.com\/es\/nosotros\/\" \/>\n<meta property=\"og:locale\" content=\"es_ES\" \/>\n<meta property=\"og:type\" content=\"article\" \/>\n<meta property=\"og:title\" content=\"Nosotros - Kare Turf\" \/>\n<meta property=\"og:description\" content=\"The first player Kare es mucho m\u00e1s que una marca: somos pioneros en el campo de la bioestimulaci\u00f3n para c\u00e9sped deportivo. Como la primera opci\u00f3n en el juego, dise\u00f1amos nuestras f\u00f3rmulas a partir de las necesidades reales del c\u00e9sped, utilizando materias primas de primera calidad y tecnolog\u00edas innovadoras para garantizar resultados superiores. Con m\u00e1s de [&hellip;]\" \/>\n<meta property=\"og:url\" content=\"https:\/\/www.kareturf.com\/es\/nosotros\/\" \/>\n<meta property=\"og:site_name\" content=\"Kare Turf\" \/>\n<meta property=\"article:modified_time\" content=\"2025-02-12T18:36:03+00:00\" \/>\n<meta property=\"og:image\" content=\"https:\/\/kareturf.com\/wp-content\/uploads\/2025\/02\/the-first-player-0-100-1-1024x640.png\" \/>\n<meta name=\"twitter:card\" content=\"summary_large_image\" \/>\n<meta name=\"twitter:label1\" content=\"Tiempo de lectura\" \/>\n\t<meta name=\"twitter:data1\" content=\"1 minuto\" \/>\n<script type=\"application\/ld+json\" class=\"yoast-schema-graph\">{\"@context\":\"https:\\\/\\\/schema.org\",\"@graph\":[{\"@type\":\"WebPage\",\"@id\":\"https:\\\/\\\/www.kareturf.com\\\/es\\\/nosotros\\\/\",\"url\":\"https:\\\/\\\/www.kareturf.com\\\/es\\\/nosotros\\\/\",\"name\":\"Nosotros - Kare Turf\",\"isPartOf\":{\"@id\":\"https:\\\/\\\/www.kareturf.com\\\/es\\\/#website\"},\"primaryImageOfPage\":{\"@id\":\"https:\\\/\\\/www.kareturf.com\\\/es\\\/nosotros\\\/#primaryimage\"},\"image\":{\"@id\":\"https:\\\/\\\/www.kareturf.com\\\/es\\\/nosotros\\\/#primaryimage\"},\"thumbnailUrl\":\"https:\\\/\\\/kareturf.com\\\/wp-content\\\/uploads\\\/2025\\\/02\\\/the-first-player-0-100-1-1024x640.png\",\"datePublished\":\"2025-02-04T13:40:32+00:00\",\"dateModified\":\"2025-02-12T18:36:03+00:00\",\"breadcrumb\":{\"@id\":\"https:\\\/\\\/www.kareturf.com\\\/es\\\/nosotros\\\/#breadcrumb\"},\"inLanguage\":\"es\",\"potentialAction\":[{\"@type\":\"ReadAction\",\"target\":[\"https:\\\/\\\/www.kareturf.com\\\/es\\\/nosotros\\\/\"]}]},{\"@type\":\"ImageObject\",\"inLanguage\":\"es\",\"@id\":\"https:\\\/\\\/www.kareturf.com\\\/es\\\/nosotros\\\/#primaryimage\",\"url\":\"https:\\\/\\\/kareturf.com\\\/wp-content\\\/uploads\\\/2025\\\/02\\\/the-first-player-0-100-1-1024x640.png\",\"contentUrl\":\"https:\\\/\\\/kareturf.com\\\/wp-content\\\/uploads\\\/2025\\\/02\\\/the-first-player-0-100-1-1024x640.png\"},{\"@type\":\"BreadcrumbList\",\"@id\":\"https:\\\/\\\/www.kareturf.com\\\/es\\\/nosotros\\\/#breadcrumb\",\"itemListElement\":[{\"@type\":\"ListItem\",\"position\":1,\"name\":\"Portada\",\"item\":\"https:\\\/\\\/www.kareturf.com\\\/es\\\/\"},{\"@type\":\"ListItem\",\"position\":2,\"name\":\"Nosotros\"}]},{\"@type\":\"WebSite\",\"@id\":\"https:\\\/\\\/www.kareturf.com\\\/es\\\/#website\",\"url\":\"https:\\\/\\\/www.kareturf.com\\\/es\\\/\",\"name\":\"Kare Turf\",\"description\":\"\",\"publisher\":{\"@id\":\"https:\\\/\\\/www.kareturf.com\\\/es\\\/#organization\"},\"potentialAction\":[{\"@type\":\"SearchAction\",\"target\":{\"@type\":\"EntryPoint\",\"urlTemplate\":\"https:\\\/\\\/www.kareturf.com\\\/es\\\/?s={search_term_string}\"},\"query-input\":{\"@type\":\"PropertyValueSpecification\",\"valueRequired\":true,\"valueName\":\"search_term_string\"}}],\"inLanguage\":\"es\"},{\"@type\":\"Organization\",\"@id\":\"https:\\\/\\\/www.kareturf.com\\\/es\\\/#organization\",\"name\":\"Kare Turf\",\"url\":\"https:\\\/\\\/www.kareturf.com\\\/es\\\/\",\"logo\":{\"@type\":\"ImageObject\",\"inLanguage\":\"es\",\"@id\":\"https:\\\/\\\/www.kareturf.com\\\/es\\\/#\\\/schema\\\/logo\\\/image\\\/\",\"url\":\"https:\\\/\\\/www.kareturf.com\\\/wp-content\\\/uploads\\\/2025\\\/02\\\/cropped-logo-kare-negro.png\",\"contentUrl\":\"https:\\\/\\\/www.kareturf.com\\\/wp-content\\\/uploads\\\/2025\\\/02\\\/cropped-logo-kare-negro.png\",\"width\":500,\"height\":111,\"caption\":\"Kare Turf\"},\"image\":{\"@id\":\"https:\\\/\\\/www.kareturf.com\\\/es\\\/#\\\/schema\\\/logo\\\/image\\\/\"}}]}<\/script>\n<!-- \/ Yoast SEO plugin. -->","yoast_head_json":{"title":"Nosotros - Kare Turf","robots":{"index":"index","follow":"follow","max-snippet":"max-snippet:-1","max-image-preview":"max-image-preview:large","max-video-preview":"max-video-preview:-1"},"canonical":"https:\/\/www.kareturf.com\/es\/nosotros\/","og_locale":"es_ES","og_type":"article","og_title":"Nosotros - Kare Turf","og_description":"The first player Kare es mucho m\u00e1s que una marca: somos pioneros en el campo de la bioestimulaci\u00f3n para c\u00e9sped deportivo. Como la primera opci\u00f3n en el juego, dise\u00f1amos nuestras f\u00f3rmulas a partir de las necesidades reales del c\u00e9sped, utilizando materias primas de primera calidad y tecnolog\u00edas innovadoras para garantizar resultados superiores. Con m\u00e1s de [&hellip;]","og_url":"https:\/\/www.kareturf.com\/es\/nosotros\/","og_site_name":"Kare Turf","article_modified_time":"2025-02-12T18:36:03+00:00","og_image":[{"url":"https:\/\/kareturf.com\/wp-content\/uploads\/2025\/02\/the-first-player-0-100-1-1024x640.png","type":"","width":"","height":""}],"twitter_card":"summary_large_image","twitter_misc":{"Tiempo de lectura":"1 minuto"},"schema":{"@context":"https:\/\/schema.org","@graph":[{"@type":"WebPage","@id":"https:\/\/www.kareturf.com\/es\/nosotros\/","url":"https:\/\/www.kareturf.com\/es\/nosotros\/","name":"Nosotros - Kare Turf","isPartOf":{"@id":"https:\/\/www.kareturf.com\/es\/#website"},"primaryImageOfPage":{"@id":"https:\/\/www.kareturf.com\/es\/nosotros\/#primaryimage"},"image":{"@id":"https:\/\/www.kareturf.com\/es\/nosotros\/#primaryimage"},"thumbnailUrl":"https:\/\/kareturf.com\/wp-content\/uploads\/2025\/02\/the-first-player-0-100-1-1024x640.png","datePublished":"2025-02-04T13:40:32+00:00","dateModified":"2025-02-12T18:36:03+00:00","breadcrumb":{"@id":"https:\/\/www.kareturf.com\/es\/nosotros\/#breadcrumb"},"inLanguage":"es","potentialAction":[{"@type":"ReadAction","target":["https:\/\/www.kareturf.com\/es\/nosotros\/"]}]},{"@type":"ImageObject","inLanguage":"es","@id":"https:\/\/www.kareturf.com\/es\/nosotros\/#primaryimage","url":"https:\/\/kareturf.com\/wp-content\/uploads\/2025\/02\/the-first-player-0-100-1-1024x640.png","contentUrl":"https:\/\/kareturf.com\/wp-content\/uploads\/2025\/02\/the-first-player-0-100-1-1024x640.png"},{"@type":"BreadcrumbList","@id":"https:\/\/www.kareturf.com\/es\/nosotros\/#breadcrumb","itemListElement":[{"@type":"ListItem","position":1,"name":"Portada","item":"https:\/\/www.kareturf.com\/es\/"},{"@type":"ListItem","position":2,"name":"Nosotros"}]},{"@type":"WebSite","@id":"https:\/\/www.kareturf.com\/es\/#website","url":"https:\/\/www.kareturf.com\/es\/","name":"Kare Turf","description":"","publisher":{"@id":"https:\/\/www.kareturf.com\/es\/#organization"},"potentialAction":[{"@type":"SearchAction","target":{"@type":"EntryPoint","urlTemplate":"https:\/\/www.kareturf.com\/es\/?s={search_term_string}"},"query-input":{"@type":"PropertyValueSpecification","valueRequired":true,"valueName":"search_term_string"}}],"inLanguage":"es"},{"@type":"Organization","@id":"https:\/\/www.kareturf.com\/es\/#organization","name":"Kare Turf","url":"https:\/\/www.kareturf.com\/es\/","logo":{"@type":"ImageObject","inLanguage":"es","@id":"https:\/\/www.kareturf.com\/es\/#\/schema\/logo\/image\/","url":"https:\/\/www.kareturf.com\/wp-content\/uploads\/2025\/02\/cropped-logo-kare-negro.png","contentUrl":"https:\/\/www.kareturf.com\/wp-content\/uploads\/2025\/02\/cropped-logo-kare-negro.png","width":500,"height":111,"caption":"Kare Turf"},"image":{"@id":"https:\/\/www.kareturf.com\/es\/#\/schema\/logo\/image\/"}}]}},"_links":{"self":[{"href":"https:\/\/www.kareturf.com\/es\/wp-json\/wp\/v2\/pages\/100","targetHints":{"allow":["GET"]}}],"collection":[{"href":"https:\/\/www.kareturf.com\/es\/wp-json\/wp\/v2\/pages"}],"about":[{"href":"https:\/\/www.kareturf.com\/es\/wp-json\/wp\/v2\/types\/page"}],"author":[{"embeddable":true,"href":"https:\/\/www.kareturf.com\/es\/wp-json\/wp\/v2\/users\/1"}],"replies":[{"embeddable":true,"href":"https:\/\/www.kareturf.com\/es\/wp-json\/wp\/v2\/comments?post=100"}],"version-history":[{"count":55,"href":"https:\/\/www.kareturf.com\/es\/wp-json\/wp\/v2\/pages\/100\/revisions"}],"predecessor-version":[{"id":820,"href":"https:\/\/www.kareturf.com\/es\/wp-json\/wp\/v2\/pages\/100\/revisions\/820"}],"wp:attachment":[{"href":"https:\/\/www.kareturf.com\/es\/wp-json\/wp\/v2\/media?parent=100"}],"curies":[{"name":"wp","href":"https:\/\/api.w.org\/{rel}","templated":true}]}}